{"id":20570,"date":"2020-05-12T08:24:33","date_gmt":"2020-05-12T07:24:33","guid":{"rendered":"https:\/\/love2dogs.eu\/?post_type=product&#038;p=20570"},"modified":"2021-02-11T09:57:30","modified_gmt":"2021-02-11T08:57:30","slug":"joint-care","status":"publish","type":"product","link":"https:\/\/love2dogs.eu\/cs\/product\/joint-care\/","title":{"rendered":"Kloubn\u00ed V\u00fd\u017eiva"},"content":{"rendered":"<p>Podporuje dlouhodob\u00e9 zdrav\u00ed kost\u00ed a kloub\u016f, speci\u00e1ln\u011b u star\u0161\u00edch ps\u016f, ps\u016f s artritidou nebo ps\u016f s bolav\u00fdmi klouby. Pro siln\u00e9 svaly, pevn\u00e9 klouby a celkov\u00e9 zdrav\u00ed psa, aby mohl b\u011bhat a sk\u00e1kat i v pokro\u010dilej\u0161\u00edm v\u011bku a bez bolesti. Kvalitn\u00ed p\u0159\u00edrodn\u00ed slo\u017een\u00ed bezpe\u010dn\u00e9 pro \u0161t\u011b\u0148ata. Doporu\u010deno veterin\u00e1\u0159i. Poskytuje nezbytn\u00e9 \u017eiviny, jako Glukosamin sulf\u00e1t, Chondroitin sulf\u00e1t \u010di Ryb\u00ed kolagen, pro ochranu chrupavek a vaz\u016f a pru\u017enost tk\u00e1n\u00ed.<\/p>","protected":false},"excerpt":{"rendered":"<p>Love2Dogs Kloubn\u00ed V\u00fd\u017eiva pro Zdrav\u00e9 Klouby a Kosti Psa podporuje dlouhodob\u00e9 zdrav\u00ed pojivov\u00fdch tk\u00e1n\u00ed a poskytuje nezbytn\u00e9 \u017eiviny pro bezbolestn\u00fd pohyb<\/p>","protected":false},"featured_media":66320,"comment_status":"open","ping_status":"closed","template":"","meta":[],"product_brand":[],"product_cat":[188],"product_tag":[137],"class_list":{"0":"post-20570","1":"product","2":"type-product","3":"status-publish","4":"has-post-thumbnail","6":"product_cat-love2dogs","7":"product_tag-dog-joint","8":"product_shipping_class-kuryr","10":"first","11":"instock","12":"sale","13":"taxable","14":"shipping-taxable","15":"purchasable","16":"product-type-simple"},"_links":{"self":[{"href":"https:\/\/love2dogs.eu\/cs\/wp-json\/wp\/v2\/product\/20570","targetHints":{"allow":["GET"]}}],"collection":[{"href":"https:\/\/love2dogs.eu\/cs\/wp-json\/wp\/v2\/product"}],"about":[{"href":"https:\/\/love2dogs.eu\/cs\/wp-json\/wp\/v2\/types\/product"}],"replies":[{"embeddable":true,"href":"https:\/\/love2dogs.eu\/cs\/wp-json\/wp\/v2\/comments?post=20570"}],"version-history":[{"count":0,"href":"https:\/\/love2dogs.eu\/cs\/wp-json\/wp\/v2\/product\/20570\/revisions"}],"wp:featuredmedia":[{"embeddable":true,"href":"https:\/\/love2dogs.eu\/cs\/wp-json\/wp\/v2\/media\/66320"}],"wp:attachment":[{"href":"https:\/\/love2dogs.eu\/cs\/wp-json\/wp\/v2\/media?parent=20570"}],"wp:term":[{"taxonomy":"product_brand","embeddable":true,"href":"https:\/\/love2dogs.eu\/cs\/wp-json\/wp\/v2\/product_brand?post=20570"},{"taxonomy":"product_cat","embeddable":true,"href":"https:\/\/love2dogs.eu\/cs\/wp-json\/wp\/v2\/product_cat?post=20570"},{"taxonomy":"product_tag","embeddable":true,"href":"https:\/\/love2dogs.eu\/cs\/wp-json\/wp\/v2\/product_tag?post=20570"}],"curies":[{"name":"wp","href":"https:\/\/api.w.org\/{rel}","templated":true}]}}