{"id":22125,"date":"2020-05-19T09:05:03","date_gmt":"2020-05-19T08:05:03","guid":{"rendered":"https:\/\/love2dogs.eu\/?post_type=product&#038;p=22125"},"modified":"2021-02-11T09:57:48","modified_gmt":"2021-02-11T08:57:48","slug":"immune-system","status":"publish","type":"product","link":"https:\/\/love2dogs.eu\/cs\/product\/immune-system\/","title":{"rendered":"Podpora Imunity"},"content":{"rendered":"<p>\u0158e\u0161\u00ed p\u0159\u00ed\u010dinu probl\u00e9m\u016f sv\u011bd\u011bn\u00ed a such\u00e9 k\u016f\u017ee, na rozd\u00edl od ostatn\u00edch prost\u0159edk\u016f. Doporu\u010deno veterin\u00e1\u0159i. Vysoce kvalitn\u00ed ingredience v na\u0161ich \u017ev\u00fdka\u010dk\u00e1ch dodaj\u00ed pot\u0159ebn\u00e9 \u017eiviny. Komplexn\u00ed p\u00e9\u010de a zdrav\u00ed k\u016f\u017ee a srsti psa s nenasycen\u00fdmi esenci\u00e1ln\u00edmi mastn\u00fdmi kyselinami, vitam\u00edny C a E, miner\u00e1ly a antioxidanty. Zklidn\u00ed podr\u00e1\u017ed\u011bnou k\u016f\u017ei ps\u016f a \u0161t\u011b\u0148at. Podpora zdrav\u00ed, obranyschopnosti a imunitn\u00edho syst\u00e9mu.<\/p>","protected":false},"excerpt":{"rendered":"<p>Love2Dogs Podpora Imunity proti sv\u011bd\u011bn\u00ed, \u0161kr\u00e1b\u00e1n\u00ed a drb\u00e1n\u00ed psa. Zvl\u00e1\u010dn\u00ed suchou podr\u00e1\u017ed\u011bnou k\u016f\u017ei a ulev\u00ed od sv\u011bd\u011bn\u00ed. Bezpe\u010dn\u00e9 kvalitn\u00ed p\u0159\u00edrodn\u00ed slo\u017een\u00ed<\/p>","protected":false},"featured_media":66319,"comment_status":"open","ping_status":"closed","template":"","meta":[],"product_brand":[],"product_cat":[188],"product_tag":[146],"class_list":{"0":"post-22125","1":"product","2":"type-product","3":"status-publish","4":"has-post-thumbnail","6":"product_cat-love2dogs","7":"product_tag-dog-itch","8":"product_shipping_class-kuryr","10":"first","11":"instock","12":"sale","13":"taxable","14":"shipping-taxable","15":"purchasable","16":"product-type-simple"},"_links":{"self":[{"href":"https:\/\/love2dogs.eu\/cs\/wp-json\/wp\/v2\/product\/22125","targetHints":{"allow":["GET"]}}],"collection":[{"href":"https:\/\/love2dogs.eu\/cs\/wp-json\/wp\/v2\/product"}],"about":[{"href":"https:\/\/love2dogs.eu\/cs\/wp-json\/wp\/v2\/types\/product"}],"replies":[{"embeddable":true,"href":"https:\/\/love2dogs.eu\/cs\/wp-json\/wp\/v2\/comments?post=22125"}],"version-history":[{"count":0,"href":"https:\/\/love2dogs.eu\/cs\/wp-json\/wp\/v2\/product\/22125\/revisions"}],"wp:featuredmedia":[{"embeddable":true,"href":"https:\/\/love2dogs.eu\/cs\/wp-json\/wp\/v2\/media\/66319"}],"wp:attachment":[{"href":"https:\/\/love2dogs.eu\/cs\/wp-json\/wp\/v2\/media?parent=22125"}],"wp:term":[{"taxonomy":"product_brand","embeddable":true,"href":"https:\/\/love2dogs.eu\/cs\/wp-json\/wp\/v2\/product_brand?post=22125"},{"taxonomy":"product_cat","embeddable":true,"href":"https:\/\/love2dogs.eu\/cs\/wp-json\/wp\/v2\/product_cat?post=22125"},{"taxonomy":"product_tag","embeddable":true,"href":"https:\/\/love2dogs.eu\/cs\/wp-json\/wp\/v2\/product_tag?post=22125"}],"curies":[{"name":"wp","href":"https:\/\/api.w.org\/{rel}","templated":true}]}}