{"id":7831,"date":"2020-01-31T11:26:47","date_gmt":"2020-01-31T10:26:47","guid":{"rendered":"https:\/\/love2dogs.eu\/?post_type=product&#038;p=7831"},"modified":"2021-02-23T12:32:11","modified_gmt":"2021-02-23T11:32:11","slug":"dental-care","status":"publish","type":"product","link":"https:\/\/love2dogs.eu\/cs\/product\/dental-care\/","title":{"rendered":"\u00dastn\u00ed Voda pro Psy"},"content":{"rendered":"<p>Komplexn\u00ed a bezpe\u010dn\u00e1 p\u00e9\u010de o dent\u00e1ln\u00ed zdrav\u00ed ps\u016f doporu\u010den\u00e1 veterin\u00e1\u0159i. Alternativa k \u010di\u0161t\u011bn\u00ed zub\u016f ps\u016f a \u0161t\u011b\u0148at. \u00dastn\u00ed voda pro psy bez chuti s\u00a0bezpe\u010dn\u00fdm slo\u017een\u00edm. Redukuje z\u00e1pach z\u00a0tlamy psa. Zabra\u0148uje hromad\u011bn\u00ed bakteri\u00ed v\u00a0tlam\u011b psa, efektivn\u00ed proti z\u00e1n\u011btu d\u00e1sn\u00ed a paradent\u00f3ze. \u010casov\u011b a finan\u010dn\u011b \u00fasporn\u00e1 p\u00e9\u010de o ps\u00ed zuby. Dent\u00e1ln\u00ed hygiena ps\u016f.<\/p>","protected":false},"excerpt":{"rendered":"<p>Love2Dogs \u00dastn\u00ed Voda \u00a0&#8211; Zdrav\u00e9 Zuby a D\u00e1sn\u011b Psa. Protiz\u00e1n\u011btliv\u00e1 &#8211; sni\u017euje hromad\u011bn\u00ed zubn\u00edho plaku a zubn\u00edho kamene, zabra\u0148uje tvorb\u011b zubn\u00edch kaz\u016f<\/p>","protected":false},"featured_media":66318,"comment_status":"open","ping_status":"closed","template":"","meta":[],"product_brand":[],"product_cat":[188],"product_tag":[101],"class_list":{"0":"post-7831","1":"product","2":"type-product","3":"status-publish","4":"has-post-thumbnail","6":"product_cat-love2dogs","7":"product_tag-dog-hygiene","8":"product_shipping_class-kuryr","10":"first","11":"instock","12":"sale","13":"taxable","14":"shipping-taxable","15":"purchasable","16":"product-type-simple"},"_links":{"self":[{"href":"https:\/\/love2dogs.eu\/cs\/wp-json\/wp\/v2\/product\/7831","targetHints":{"allow":["GET"]}}],"collection":[{"href":"https:\/\/love2dogs.eu\/cs\/wp-json\/wp\/v2\/product"}],"about":[{"href":"https:\/\/love2dogs.eu\/cs\/wp-json\/wp\/v2\/types\/product"}],"replies":[{"embeddable":true,"href":"https:\/\/love2dogs.eu\/cs\/wp-json\/wp\/v2\/comments?post=7831"}],"version-history":[{"count":0,"href":"https:\/\/love2dogs.eu\/cs\/wp-json\/wp\/v2\/product\/7831\/revisions"}],"wp:featuredmedia":[{"embeddable":true,"href":"https:\/\/love2dogs.eu\/cs\/wp-json\/wp\/v2\/media\/66318"}],"wp:attachment":[{"href":"https:\/\/love2dogs.eu\/cs\/wp-json\/wp\/v2\/media?parent=7831"}],"wp:term":[{"taxonomy":"product_brand","embeddable":true,"href":"https:\/\/love2dogs.eu\/cs\/wp-json\/wp\/v2\/product_brand?post=7831"},{"taxonomy":"product_cat","embeddable":true,"href":"https:\/\/love2dogs.eu\/cs\/wp-json\/wp\/v2\/product_cat?post=7831"},{"taxonomy":"product_tag","embeddable":true,"href":"https:\/\/love2dogs.eu\/cs\/wp-json\/wp\/v2\/product_tag?post=7831"}],"curies":[{"name":"wp","href":"https:\/\/api.w.org\/{rel}","templated":true}]}}